{"id":8567,"date":"2019-06-11T12:54:16","date_gmt":"2019-09-03T07:18:32","guid":{"rendered":"https:\/\/cerveceroscaseros.com\/producto\/deptal-smp"},"modified":"2020-03-11T09:02:26","modified_gmt":"2020-03-11T09:02:26","slug":"deptal-smp","status":"publish","type":"product","link":"https:\/\/www.agronetbrewing.com\/fr\/productos\/nettoyage\/detergents-et-desinfectants\/detergents-alkali\/deptal-smp\/","title":{"rendered":"Deptal SMP"},"content":{"rendered":"","protected":false},"excerpt":{"rendered":"<p>Nettoyage dans l&rsquo;industrie des aliments et des boissons. Circuits de nettoyage et circuits thermiques. Nettoyage des conteneurs et des citernes. Nettoyage des r\u00e9servoirs et des d\u00e9p\u00f4ts. Dans la plupart des cas, il n&rsquo;est pas n\u00e9cessaire d&rsquo;utiliser un produit acide.<\/p>\n<ul>\n<li><strong>D\u00e9sinfectant<\/strong><\/li>\n<li>D\u00e9graissant.<\/li>\n<li>Emp\u00eache l&rsquo;int\u00e9gration.<\/li>\n<li>Non mousseux.<\/li>\n<li>Tr\u00e8s enl\u00e8vement.<\/li>\n<li>Hydratant.<\/li>\n<li>Mesurable pour la conductivit\u00e9.<\/li>\n<\/ul>\n","protected":false},"featured_media":6090,"template":"","meta":[],"pwb-brand":[],"product_brand":[],"product_cat":[148],"product_tag":[],"class_list":{"0":"post-8567","1":"product","2":"type-product","3":"status-publish","4":"has-post-thumbnail","6":"product_cat-detergents-alkali","8":"first","9":"instock","10":"taxable","11":"shipping-taxable","12":"product-type-variable","13":"customify-col","14":"product-has-gallery"},"brands":[],"_links":{"self":[{"href":"https:\/\/www.agronetbrewing.com\/fr\/wp-json\/wp\/v2\/product\/8567","targetHints":{"allow":["GET"]}}],"collection":[{"href":"https:\/\/www.agronetbrewing.com\/fr\/wp-json\/wp\/v2\/product"}],"about":[{"href":"https:\/\/www.agronetbrewing.com\/fr\/wp-json\/wp\/v2\/types\/product"}],"version-history":[{"count":0,"href":"https:\/\/www.agronetbrewing.com\/fr\/wp-json\/wp\/v2\/product\/8567\/revisions"}],"wp:featuredmedia":[{"embeddable":true,"href":"https:\/\/www.agronetbrewing.com\/fr\/wp-json\/wp\/v2\/media\/6090"}],"wp:attachment":[{"href":"https:\/\/www.agronetbrewing.com\/fr\/wp-json\/wp\/v2\/media?parent=8567"}],"wp:term":[{"taxonomy":"pwb-brand","embeddable":true,"href":"https:\/\/www.agronetbrewing.com\/fr\/wp-json\/wp\/v2\/pwb-brand?post=8567"},{"taxonomy":"product_brand","embeddable":true,"href":"https:\/\/www.agronetbrewing.com\/fr\/wp-json\/wp\/v2\/product_brand?post=8567"},{"taxonomy":"product_cat","embeddable":true,"href":"https:\/\/www.agronetbrewing.com\/fr\/wp-json\/wp\/v2\/product_cat?post=8567"},{"taxonomy":"product_tag","embeddable":true,"href":"https:\/\/www.agronetbrewing.com\/fr\/wp-json\/wp\/v2\/product_tag?post=8567"}],"curies":[{"name":"wp","href":"https:\/\/api.w.org\/{rel}","templated":true}]}}