{"id":8568,"date":"2019-06-11T12:29:39","date_gmt":"2019-09-03T07:22:11","guid":{"rendered":"https:\/\/cerveceroscaseros.com\/producto\/deptal-mp"},"modified":"2020-03-11T08:57:53","modified_gmt":"2020-03-11T08:57:53","slug":"deptal-mp","status":"publish","type":"product","link":"https:\/\/www.agronetbrewing.com\/fr\/productos\/nettoyage\/detergents-et-desinfectants\/detergents-alkali\/deptal-mp\/","title":{"rendered":"Deptal MP"},"content":{"rendered":"","protected":false},"excerpt":{"rendered":"<p>Nettoyage de circuits et de circuits thermiques de l&rsquo;industrie agroalimentaire et des boissons. Nettoyage de conteneurs, r\u00e9servoirs, remplisseuses, citernes, r\u00e9servoirs, cuves de cuisson et r\u00e9servoirs de filtration de l&rsquo;industrie brassicole. Dans la plupart des cas, il n&rsquo;est pas n\u00e9cessaire d&rsquo;utiliser un produit acide.<\/p>\n<ul>\n<li>D\u00e9tersif.<\/li>\n<li>Complexant, anti-calcium.<\/li>\n<li>Complexer la valeur \u00e0 1%: 30\u00b0 F.<\/li>\n<li>Non mousseux.<\/li>\n<li>Il contient de la diaminopropylaurulamine.<\/li>\n<\/ul>\n","protected":false},"featured_media":6087,"template":"","meta":[],"pwb-brand":[],"product_brand":[],"product_cat":[148],"product_tag":[],"class_list":{"0":"post-8568","1":"product","2":"type-product","3":"status-publish","4":"has-post-thumbnail","6":"product_cat-detergents-alkali","8":"first","9":"instock","10":"taxable","11":"shipping-taxable","12":"product-type-variable","13":"customify-col","14":"product-has-gallery"},"brands":[],"_links":{"self":[{"href":"https:\/\/www.agronetbrewing.com\/fr\/wp-json\/wp\/v2\/product\/8568","targetHints":{"allow":["GET"]}}],"collection":[{"href":"https:\/\/www.agronetbrewing.com\/fr\/wp-json\/wp\/v2\/product"}],"about":[{"href":"https:\/\/www.agronetbrewing.com\/fr\/wp-json\/wp\/v2\/types\/product"}],"version-history":[{"count":0,"href":"https:\/\/www.agronetbrewing.com\/fr\/wp-json\/wp\/v2\/product\/8568\/revisions"}],"wp:featuredmedia":[{"embeddable":true,"href":"https:\/\/www.agronetbrewing.com\/fr\/wp-json\/wp\/v2\/media\/6087"}],"wp:attachment":[{"href":"https:\/\/www.agronetbrewing.com\/fr\/wp-json\/wp\/v2\/media?parent=8568"}],"wp:term":[{"taxonomy":"pwb-brand","embeddable":true,"href":"https:\/\/www.agronetbrewing.com\/fr\/wp-json\/wp\/v2\/pwb-brand?post=8568"},{"taxonomy":"product_brand","embeddable":true,"href":"https:\/\/www.agronetbrewing.com\/fr\/wp-json\/wp\/v2\/product_brand?post=8568"},{"taxonomy":"product_cat","embeddable":true,"href":"https:\/\/www.agronetbrewing.com\/fr\/wp-json\/wp\/v2\/product_cat?post=8568"},{"taxonomy":"product_tag","embeddable":true,"href":"https:\/\/www.agronetbrewing.com\/fr\/wp-json\/wp\/v2\/product_tag?post=8568"}],"curies":[{"name":"wp","href":"https:\/\/api.w.org\/{rel}","templated":true}]}}