{"id":8570,"date":"2019-05-28T14:16:41","date_gmt":"2019-09-03T07:29:06","guid":{"rendered":"https:\/\/cerveceroscaseros.com\/producto\/deptal-tc"},"modified":"2020-03-11T08:46:45","modified_gmt":"2020-03-11T08:46:45","slug":"deptal-tc","status":"publish","type":"product","link":"https:\/\/www.agronetbrewing.com\/fr\/productos\/nettoyage\/detergents-et-desinfectants\/detergents-alkali\/deptal-tc\/","title":{"rendered":"Deptal TC"},"content":{"rendered":"","protected":false},"excerpt":{"rendered":"<p>Nettoyage de circuits et de circuits thermiques de l&rsquo;industrie agroalimentaire et des boissons. <strong>DEPTAL TC<\/strong> Il a un grand pouvoir de p\u00e9n\u00e9tration, \u00e9tant particuli\u00e8rement utile pour les salissures de type organique.<\/p>\n<ul>\n<li>Pas<em>moussant.<br \/>\n<\/em><\/li>\n<li>Tr\u00e8s enl\u00e8vement.<\/li>\n<li>Hydratante.<\/li>\n<li>Mesurable pour la conductivit\u00e9.<\/li>\n<li>Nettoyage des bouteilles pour l&rsquo;industrie des boissons.<\/li>\n<li>Nettoyage des r\u00e9servoirs et des d\u00e9p\u00f4ts.<\/li>\n<li>Nettoyage des machines d&#8217;emballage.<\/li>\n<li>Nettoyage avec lave-auto.<\/li>\n<\/ul>\n","protected":false},"featured_media":6111,"template":"","meta":[],"pwb-brand":[],"product_brand":[],"product_cat":[148],"product_tag":[],"class_list":{"0":"post-8570","1":"product","2":"type-product","3":"status-publish","4":"has-post-thumbnail","6":"product_cat-detergents-alkali","8":"first","9":"instock","10":"taxable","11":"shipping-taxable","12":"product-type-variable","13":"customify-col","14":"product-has-gallery"},"brands":[],"_links":{"self":[{"href":"https:\/\/www.agronetbrewing.com\/fr\/wp-json\/wp\/v2\/product\/8570","targetHints":{"allow":["GET"]}}],"collection":[{"href":"https:\/\/www.agronetbrewing.com\/fr\/wp-json\/wp\/v2\/product"}],"about":[{"href":"https:\/\/www.agronetbrewing.com\/fr\/wp-json\/wp\/v2\/types\/product"}],"version-history":[{"count":0,"href":"https:\/\/www.agronetbrewing.com\/fr\/wp-json\/wp\/v2\/product\/8570\/revisions"}],"wp:featuredmedia":[{"embeddable":true,"href":"https:\/\/www.agronetbrewing.com\/fr\/wp-json\/wp\/v2\/media\/6111"}],"wp:attachment":[{"href":"https:\/\/www.agronetbrewing.com\/fr\/wp-json\/wp\/v2\/media?parent=8570"}],"wp:term":[{"taxonomy":"pwb-brand","embeddable":true,"href":"https:\/\/www.agronetbrewing.com\/fr\/wp-json\/wp\/v2\/pwb-brand?post=8570"},{"taxonomy":"product_brand","embeddable":true,"href":"https:\/\/www.agronetbrewing.com\/fr\/wp-json\/wp\/v2\/product_brand?post=8570"},{"taxonomy":"product_cat","embeddable":true,"href":"https:\/\/www.agronetbrewing.com\/fr\/wp-json\/wp\/v2\/product_cat?post=8570"},{"taxonomy":"product_tag","embeddable":true,"href":"https:\/\/www.agronetbrewing.com\/fr\/wp-json\/wp\/v2\/product_tag?post=8570"}],"curies":[{"name":"wp","href":"https:\/\/api.w.org\/{rel}","templated":true}]}}