{"id":8617,"date":"2019-05-16T08:23:11","date_gmt":"2019-09-03T10:00:57","guid":{"rendered":"https:\/\/cerveceroscaseros.com\/producto\/simpsons-malt-dextrin"},"modified":"2020-06-16T09:04:41","modified_gmt":"2020-06-16T09:04:41","slug":"malta-simpsons-dextrin","status":"publish","type":"product","link":"https:\/\/www.agronetbrewing.com\/fr\/productos\/malts\/simpsons-malt-fr\/malts-et-grains-extra-expeciaux\/malta-simpsons-dextrin\/","title":{"rendered":"SIMPSONS MALT Dextrin"},"content":{"rendered":"","protected":false},"excerpt":{"rendered":"<p>Il peut \u00eatre utilis\u00e9 avec parcimonie pour ajouter du corps, de la sensation en bouche et de la stabilit\u00e9 de la mousse \u00e0 toute bi\u00e8re. Particuli\u00e8rement utile dans <em>IPA&rsquo;s<\/em> tr\u00e8s l\u00e9ger \u00e0 plus sautill\u00e9 pour \u00e9quilibrer l&rsquo;amertume.<\/p>\n<p><a href=\"https:\/\/www.simpsonsmalt.co.uk\/our-malts\/dextrin-malt\/\" target=\"_blank\" rel=\"noopener noreferrer\"><span style=\"color: #000000;\"><strong>&lt; Plus d&rsquo;informations<\/strong><\/span><\/a><\/p>\n","protected":false},"featured_media":4844,"template":"","meta":[],"pwb-brand":[],"product_brand":[],"product_cat":[200],"product_tag":[],"class_list":{"0":"post-8617","1":"product","2":"type-product","3":"status-publish","4":"has-post-thumbnail","6":"product_cat-malts-et-grains-extra-expeciaux","8":"first","9":"instock","10":"taxable","11":"shipping-taxable","12":"product-type-variable","13":"has-default-attributes","14":"customify-col"},"brands":[],"_links":{"self":[{"href":"https:\/\/www.agronetbrewing.com\/fr\/wp-json\/wp\/v2\/product\/8617","targetHints":{"allow":["GET"]}}],"collection":[{"href":"https:\/\/www.agronetbrewing.com\/fr\/wp-json\/wp\/v2\/product"}],"about":[{"href":"https:\/\/www.agronetbrewing.com\/fr\/wp-json\/wp\/v2\/types\/product"}],"version-history":[{"count":0,"href":"https:\/\/www.agronetbrewing.com\/fr\/wp-json\/wp\/v2\/product\/8617\/revisions"}],"wp:featuredmedia":[{"embeddable":true,"href":"https:\/\/www.agronetbrewing.com\/fr\/wp-json\/wp\/v2\/media\/4844"}],"wp:attachment":[{"href":"https:\/\/www.agronetbrewing.com\/fr\/wp-json\/wp\/v2\/media?parent=8617"}],"wp:term":[{"taxonomy":"pwb-brand","embeddable":true,"href":"https:\/\/www.agronetbrewing.com\/fr\/wp-json\/wp\/v2\/pwb-brand?post=8617"},{"taxonomy":"product_brand","embeddable":true,"href":"https:\/\/www.agronetbrewing.com\/fr\/wp-json\/wp\/v2\/product_brand?post=8617"},{"taxonomy":"product_cat","embeddable":true,"href":"https:\/\/www.agronetbrewing.com\/fr\/wp-json\/wp\/v2\/product_cat?post=8617"},{"taxonomy":"product_tag","embeddable":true,"href":"https:\/\/www.agronetbrewing.com\/fr\/wp-json\/wp\/v2\/product_tag?post=8617"}],"curies":[{"name":"wp","href":"https:\/\/api.w.org\/{rel}","templated":true}]}}