{"id":8622,"date":"2019-05-16T07:52:36","date_gmt":"2019-09-03T10:05:07","guid":{"rendered":"https:\/\/cerveceroscaseros.com\/producto\/simpsons-malt-malted-oats"},"modified":"2020-06-16T09:09:36","modified_gmt":"2020-06-16T09:09:36","slug":"malta-simpsons-malted-oats","status":"publish","type":"product","link":"https:\/\/www.agronetbrewing.com\/fr\/productos\/malts\/simpsons-malt-fr\/malts-et-grains-extra-expeciaux\/malta-simpsons-malted-oats\/","title":{"rendered":"SIMPSONS MALT Malted Oats"},"content":{"rendered":"","protected":false},"excerpt":{"rendered":"<p>La cr\u00e8me de l&rsquo;avoine d\u00e9gage une douceur soyeuse qui conf\u00e8re \u00e0 la bi\u00e8re une texture somptueuse et velout\u00e9e. Il peut \u00eatre ajout\u00e9 \u00e0 n&rsquo;importe quel style de bi\u00e8re.<\/p>\n<p><a href=\"https:\/\/www.simpsonsmalt.co.uk\/our-malts\/malted-oats\/\" target=\"_blank\" rel=\"noopener noreferrer\"><span style=\"color: #000000;\"><strong>&lt; Plus d&rsquo;informations<\/strong><\/span><\/a><\/p>\n","protected":false},"featured_media":4832,"template":"","meta":[],"pwb-brand":[],"product_brand":[],"product_cat":[200],"product_tag":[],"class_list":{"0":"post-8622","1":"product","2":"type-product","3":"status-publish","4":"has-post-thumbnail","6":"product_cat-malts-et-grains-extra-expeciaux","8":"first","9":"instock","10":"taxable","11":"shipping-taxable","12":"product-type-variable","13":"has-default-attributes","14":"customify-col","15":"product-has-gallery"},"brands":[],"_links":{"self":[{"href":"https:\/\/www.agronetbrewing.com\/fr\/wp-json\/wp\/v2\/product\/8622","targetHints":{"allow":["GET"]}}],"collection":[{"href":"https:\/\/www.agronetbrewing.com\/fr\/wp-json\/wp\/v2\/product"}],"about":[{"href":"https:\/\/www.agronetbrewing.com\/fr\/wp-json\/wp\/v2\/types\/product"}],"version-history":[{"count":0,"href":"https:\/\/www.agronetbrewing.com\/fr\/wp-json\/wp\/v2\/product\/8622\/revisions"}],"wp:featuredmedia":[{"embeddable":true,"href":"https:\/\/www.agronetbrewing.com\/fr\/wp-json\/wp\/v2\/media\/4832"}],"wp:attachment":[{"href":"https:\/\/www.agronetbrewing.com\/fr\/wp-json\/wp\/v2\/media?parent=8622"}],"wp:term":[{"taxonomy":"pwb-brand","embeddable":true,"href":"https:\/\/www.agronetbrewing.com\/fr\/wp-json\/wp\/v2\/pwb-brand?post=8622"},{"taxonomy":"product_brand","embeddable":true,"href":"https:\/\/www.agronetbrewing.com\/fr\/wp-json\/wp\/v2\/product_brand?post=8622"},{"taxonomy":"product_cat","embeddable":true,"href":"https:\/\/www.agronetbrewing.com\/fr\/wp-json\/wp\/v2\/product_cat?post=8622"},{"taxonomy":"product_tag","embeddable":true,"href":"https:\/\/www.agronetbrewing.com\/fr\/wp-json\/wp\/v2\/product_tag?post=8622"}],"curies":[{"name":"wp","href":"https:\/\/api.w.org\/{rel}","templated":true}]}}