{"id":8625,"date":"2019-05-16T08:09:55","date_gmt":"2019-09-03T10:07:58","guid":{"rendered":"https:\/\/cerveceroscaseros.com\/producto\/simpsons-malt-malted-rye-cseigle-malte"},"modified":"2020-06-16T09:16:57","modified_gmt":"2020-06-16T09:16:57","slug":"malta-simpsons-malted-rye-centeno-malteado","status":"publish","type":"product","link":"https:\/\/www.agronetbrewing.com\/fr\/productos\/malts\/simpsons-malt-fr\/malts-et-grains-extra-expeciaux\/malta-simpsons-malted-rye-centeno-malteado\/","title":{"rendered":"SIMPSONS MALT Malted Rye (cseigle malt\u00e9)"},"content":{"rendered":"","protected":false},"excerpt":{"rendered":"<p>Apportez une note de seigle \u00e9pic\u00e9 aux bi\u00e8res. En plus de son utilisation dans les bi\u00e8res de seigle traditionnelles, il est excellent dans les styles de houblon, qui les compl\u00e8tent avec leurs \u00e9pices.<\/p>\n<p><a href=\"https:\/\/www.simpsonsmalt.co.uk\/our-malts\/malted-rye\/\" target=\"_blank\" rel=\"noopener noreferrer\"><strong><span style=\"color: #000000;\">&lt; Plus d&rsquo;informations<\/span><\/strong><\/a><\/p>\n","protected":false},"featured_media":4841,"template":"","meta":[],"pwb-brand":[],"product_brand":[],"product_cat":[200],"product_tag":[],"class_list":{"0":"post-8625","1":"product","2":"type-product","3":"status-publish","4":"has-post-thumbnail","6":"product_cat-malts-et-grains-extra-expeciaux","8":"first","9":"instock","10":"taxable","11":"shipping-taxable","12":"product-type-variable","13":"has-default-attributes","14":"customify-col","15":"product-has-gallery"},"brands":[],"_links":{"self":[{"href":"https:\/\/www.agronetbrewing.com\/fr\/wp-json\/wp\/v2\/product\/8625","targetHints":{"allow":["GET"]}}],"collection":[{"href":"https:\/\/www.agronetbrewing.com\/fr\/wp-json\/wp\/v2\/product"}],"about":[{"href":"https:\/\/www.agronetbrewing.com\/fr\/wp-json\/wp\/v2\/types\/product"}],"version-history":[{"count":0,"href":"https:\/\/www.agronetbrewing.com\/fr\/wp-json\/wp\/v2\/product\/8625\/revisions"}],"wp:featuredmedia":[{"embeddable":true,"href":"https:\/\/www.agronetbrewing.com\/fr\/wp-json\/wp\/v2\/media\/4841"}],"wp:attachment":[{"href":"https:\/\/www.agronetbrewing.com\/fr\/wp-json\/wp\/v2\/media?parent=8625"}],"wp:term":[{"taxonomy":"pwb-brand","embeddable":true,"href":"https:\/\/www.agronetbrewing.com\/fr\/wp-json\/wp\/v2\/pwb-brand?post=8625"},{"taxonomy":"product_brand","embeddable":true,"href":"https:\/\/www.agronetbrewing.com\/fr\/wp-json\/wp\/v2\/product_brand?post=8625"},{"taxonomy":"product_cat","embeddable":true,"href":"https:\/\/www.agronetbrewing.com\/fr\/wp-json\/wp\/v2\/product_cat?post=8625"},{"taxonomy":"product_tag","embeddable":true,"href":"https:\/\/www.agronetbrewing.com\/fr\/wp-json\/wp\/v2\/product_tag?post=8625"}],"curies":[{"name":"wp","href":"https:\/\/api.w.org\/{rel}","templated":true}]}}