{"id":8629,"date":"2019-05-16T07:21:31","date_gmt":"2019-09-03T10:25:54","guid":{"rendered":"https:\/\/cerveceroscaseros.com\/producto\/simpsons-malt-black-malt"},"modified":"2020-06-16T08:19:50","modified_gmt":"2020-06-16T08:19:50","slug":"malta-simpsons-black-malt","status":"publish","type":"product","link":"https:\/\/www.agronetbrewing.com\/fr\/productos\/malts\/simpsons-malt-fr\/malt-et-grains-torrefies\/malta-simpsons-black-malt\/","title":{"rendered":"SIMPSONS MALT Black Malt"},"content":{"rendered":"","protected":false},"excerpt":{"rendered":"<p>Il est excellent pour assombrir la couleur de la bi\u00e8re sans conf\u00e9rer trop de propri\u00e9t\u00e9s d&rsquo;astringence ou de torr\u00e9faction. Le go\u00fbt est \u00e9tonnamment neutre, avec une s\u00e9cheresse propre qui en fait un produit incroyablement polyvalent.<\/p>\n<p><span style=\"color: #000000;\"><a style=\"color: #000000;\" href=\"https:\/\/www.simpsonsmalt.co.uk\/our-malts\/black-malt\/\" target=\"_blank\" rel=\"noopener noreferrer\"><strong>&lt; Plus d&rsquo;informations<\/strong><\/a><\/span><\/p>\n","protected":false},"featured_media":4820,"template":"","meta":[],"pwb-brand":[],"product_brand":[],"product_cat":[201],"product_tag":[],"class_list":{"0":"post-8629","1":"product","2":"type-product","3":"status-publish","4":"has-post-thumbnail","6":"product_cat-malt-et-grains-torrefies","8":"first","9":"instock","10":"taxable","11":"shipping-taxable","12":"product-type-variable","13":"has-default-attributes","14":"customify-col","15":"product-has-gallery"},"brands":[],"_links":{"self":[{"href":"https:\/\/www.agronetbrewing.com\/fr\/wp-json\/wp\/v2\/product\/8629","targetHints":{"allow":["GET"]}}],"collection":[{"href":"https:\/\/www.agronetbrewing.com\/fr\/wp-json\/wp\/v2\/product"}],"about":[{"href":"https:\/\/www.agronetbrewing.com\/fr\/wp-json\/wp\/v2\/types\/product"}],"version-history":[{"count":0,"href":"https:\/\/www.agronetbrewing.com\/fr\/wp-json\/wp\/v2\/product\/8629\/revisions"}],"wp:featuredmedia":[{"embeddable":true,"href":"https:\/\/www.agronetbrewing.com\/fr\/wp-json\/wp\/v2\/media\/4820"}],"wp:attachment":[{"href":"https:\/\/www.agronetbrewing.com\/fr\/wp-json\/wp\/v2\/media?parent=8629"}],"wp:term":[{"taxonomy":"pwb-brand","embeddable":true,"href":"https:\/\/www.agronetbrewing.com\/fr\/wp-json\/wp\/v2\/pwb-brand?post=8629"},{"taxonomy":"product_brand","embeddable":true,"href":"https:\/\/www.agronetbrewing.com\/fr\/wp-json\/wp\/v2\/product_brand?post=8629"},{"taxonomy":"product_cat","embeddable":true,"href":"https:\/\/www.agronetbrewing.com\/fr\/wp-json\/wp\/v2\/product_cat?post=8629"},{"taxonomy":"product_tag","embeddable":true,"href":"https:\/\/www.agronetbrewing.com\/fr\/wp-json\/wp\/v2\/product_tag?post=8629"}],"curies":[{"name":"wp","href":"https:\/\/api.w.org\/{rel}","templated":true}]}}