{"id":8632,"date":"2019-05-15T10:53:43","date_gmt":"2019-09-03T10:32:01","guid":{"rendered":"https:\/\/cerveceroscaseros.com\/producto\/simpsons-malt-amber-malt"},"modified":"2020-06-16T08:17:13","modified_gmt":"2020-06-16T08:17:13","slug":"malta-simpsons-amber-malt","status":"publish","type":"product","link":"https:\/\/www.agronetbrewing.com\/fr\/productos\/malts\/simpsons-malt-fr\/malt-et-grains-torrefies\/malta-simpsons-amber-malt\/","title":{"rendered":"SIMPSONS MALT Amber Malt"},"content":{"rendered":"","protected":false},"excerpt":{"rendered":"<p>Il peut \u00eatre utilis\u00e9 dans une grande vari\u00e9t\u00e9 de bi\u00e8res pour ajouter des notes grill\u00e9es et un beau ton marron. Il procure une s\u00e9cheresse propre et fra\u00eeche pour \u00e9quilibrer le houblon floral d\u00e9licat et augmente la stabilit\u00e9 de la mousse.<\/p>\n<p><a href=\"https:\/\/www.simpsonsmalt.co.uk\/our-malts\/amber-malt\/\" target=\"_blank\" rel=\"noopener noreferrer\"><span style=\"color: #000000;\"><strong>&lt; Plus d&rsquo;informations<\/strong><\/span><\/a><\/p>\n","protected":false},"featured_media":4808,"template":"","meta":[],"pwb-brand":[],"product_brand":[],"product_cat":[201],"product_tag":[],"class_list":{"0":"post-8632","1":"product","2":"type-product","3":"status-publish","4":"has-post-thumbnail","6":"product_cat-malt-et-grains-torrefies","8":"first","9":"instock","10":"taxable","11":"shipping-taxable","12":"product-type-variable","13":"has-default-attributes","14":"customify-col","15":"product-has-gallery"},"brands":[],"_links":{"self":[{"href":"https:\/\/www.agronetbrewing.com\/fr\/wp-json\/wp\/v2\/product\/8632","targetHints":{"allow":["GET"]}}],"collection":[{"href":"https:\/\/www.agronetbrewing.com\/fr\/wp-json\/wp\/v2\/product"}],"about":[{"href":"https:\/\/www.agronetbrewing.com\/fr\/wp-json\/wp\/v2\/types\/product"}],"version-history":[{"count":0,"href":"https:\/\/www.agronetbrewing.com\/fr\/wp-json\/wp\/v2\/product\/8632\/revisions"}],"wp:featuredmedia":[{"embeddable":true,"href":"https:\/\/www.agronetbrewing.com\/fr\/wp-json\/wp\/v2\/media\/4808"}],"wp:attachment":[{"href":"https:\/\/www.agronetbrewing.com\/fr\/wp-json\/wp\/v2\/media?parent=8632"}],"wp:term":[{"taxonomy":"pwb-brand","embeddable":true,"href":"https:\/\/www.agronetbrewing.com\/fr\/wp-json\/wp\/v2\/pwb-brand?post=8632"},{"taxonomy":"product_brand","embeddable":true,"href":"https:\/\/www.agronetbrewing.com\/fr\/wp-json\/wp\/v2\/product_brand?post=8632"},{"taxonomy":"product_cat","embeddable":true,"href":"https:\/\/www.agronetbrewing.com\/fr\/wp-json\/wp\/v2\/product_cat?post=8632"},{"taxonomy":"product_tag","embeddable":true,"href":"https:\/\/www.agronetbrewing.com\/fr\/wp-json\/wp\/v2\/product_tag?post=8632"}],"curies":[{"name":"wp","href":"https:\/\/api.w.org\/{rel}","templated":true}]}}