{"id":8634,"date":"2019-05-15T10:45:04","date_gmt":"2019-09-03T10:38:59","guid":{"rendered":"https:\/\/cerveceroscaseros.com\/producto\/simpsons-malt-drc"},"modified":"2020-06-16T08:46:50","modified_gmt":"2020-06-16T08:46:50","slug":"malta-simpsons-drc","status":"publish","type":"product","link":"https:\/\/www.agronetbrewing.com\/fr\/productos\/malts\/simpsons-malt-fr\/malt-crystal\/malta-simpsons-drc\/","title":{"rendered":"SIMPSONS MALT DRC"},"content":{"rendered":"","protected":false},"excerpt":{"rendered":"<p>Il peut \u00eatre utilis\u00e9 pour remplacer les malts torr\u00e9fi\u00e9s plus fonc\u00e9s dans les bi\u00e8res noires o\u00f9 l&rsquo;astringence et l&rsquo;amertume inh\u00e9rentes aux malts torr\u00e9fi\u00e9s ne sont pas souhaitables.<br \/>\nId\u00e9al pour ajouter des notes complexes de caramel et de fruits secs avec un beau ton rouge-brun.<br \/>\nPour <em>Pale Ales, British Strong Ales, Belgian Abbey.<\/em><\/p>\n<p><a href=\"https:\/\/www.simpsonsmalt.co.uk\/our-malts\/simpsons-drc\/\" target=\"_blank\" rel=\"noopener noreferrer\"><span style=\"color: #000000;\"><strong>&lt; Plus d&rsquo;informations<\/strong><\/span><\/a><\/p>\n","protected":false},"featured_media":4802,"template":"","meta":[],"pwb-brand":[],"product_brand":[],"product_cat":[202],"product_tag":[],"class_list":{"0":"post-8634","1":"product","2":"type-product","3":"status-publish","4":"has-post-thumbnail","6":"product_cat-malt-crystal","8":"first","9":"instock","10":"taxable","11":"shipping-taxable","12":"product-type-variable","13":"has-default-attributes","14":"customify-col","15":"product-has-gallery"},"brands":[],"_links":{"self":[{"href":"https:\/\/www.agronetbrewing.com\/fr\/wp-json\/wp\/v2\/product\/8634","targetHints":{"allow":["GET"]}}],"collection":[{"href":"https:\/\/www.agronetbrewing.com\/fr\/wp-json\/wp\/v2\/product"}],"about":[{"href":"https:\/\/www.agronetbrewing.com\/fr\/wp-json\/wp\/v2\/types\/product"}],"version-history":[{"count":0,"href":"https:\/\/www.agronetbrewing.com\/fr\/wp-json\/wp\/v2\/product\/8634\/revisions"}],"wp:featuredmedia":[{"embeddable":true,"href":"https:\/\/www.agronetbrewing.com\/fr\/wp-json\/wp\/v2\/media\/4802"}],"wp:attachment":[{"href":"https:\/\/www.agronetbrewing.com\/fr\/wp-json\/wp\/v2\/media?parent=8634"}],"wp:term":[{"taxonomy":"pwb-brand","embeddable":true,"href":"https:\/\/www.agronetbrewing.com\/fr\/wp-json\/wp\/v2\/pwb-brand?post=8634"},{"taxonomy":"product_brand","embeddable":true,"href":"https:\/\/www.agronetbrewing.com\/fr\/wp-json\/wp\/v2\/product_brand?post=8634"},{"taxonomy":"product_cat","embeddable":true,"href":"https:\/\/www.agronetbrewing.com\/fr\/wp-json\/wp\/v2\/product_cat?post=8634"},{"taxonomy":"product_tag","embeddable":true,"href":"https:\/\/www.agronetbrewing.com\/fr\/wp-json\/wp\/v2\/product_tag?post=8634"}],"curies":[{"name":"wp","href":"https:\/\/api.w.org\/{rel}","templated":true}]}}