{"id":8635,"date":"2019-05-15T10:41:36","date_gmt":"2019-09-03T10:40:21","guid":{"rendered":"https:\/\/cerveceroscaseros.com\/producto\/simpsons-malt-crystal-extra-dark"},"modified":"2020-06-16T08:37:29","modified_gmt":"2020-06-16T08:37:29","slug":"malta-simpsons-crystal-extra-dark","status":"publish","type":"product","link":"https:\/\/www.agronetbrewing.com\/fr\/productos\/malts\/simpsons-malt-fr\/malt-crystal\/malta-simpsons-crystal-extra-dark\/","title":{"rendered":"SIMPSONS MALT Crystal Extra Dark"},"content":{"rendered":"","protected":false},"excerpt":{"rendered":"<p>Le beau et riche grain brun vous donne une id\u00e9e des saveurs exquises des fruits secs et du sucre br\u00fbl\u00e9.<br \/>\nUtilis\u00e9 en petites quantit\u00e9s, il aide \u00e0 \u00e9quilibrer le go\u00fbt et la couleur des bi\u00e8res sombres, tout en am\u00e9liorant la r\u00e9tention de la mousse.<br \/>\nId\u00e9al pour <em>Stout, Extra Strong Bitter, Porter. <\/em><\/p>\n<p><span style=\"color: #000000;\"><a style=\"color: #000000;\" href=\"https:\/\/www.simpsonsmalt.co.uk\/our-malts\/crystal-extra-dark\/\" target=\"_blank\" rel=\"noopener noreferrer\"><strong>&lt; Plus d&rsquo;informations<\/strong><\/a><\/span><\/p>\n","protected":false},"featured_media":4799,"template":"","meta":[],"pwb-brand":[],"product_brand":[],"product_cat":[202],"product_tag":[],"class_list":{"0":"post-8635","1":"product","2":"type-product","3":"status-publish","4":"has-post-thumbnail","6":"product_cat-malt-crystal","8":"first","9":"instock","10":"taxable","11":"shipping-taxable","12":"product-type-variable","13":"has-default-attributes","14":"customify-col","15":"product-has-gallery"},"brands":[],"_links":{"self":[{"href":"https:\/\/www.agronetbrewing.com\/fr\/wp-json\/wp\/v2\/product\/8635","targetHints":{"allow":["GET"]}}],"collection":[{"href":"https:\/\/www.agronetbrewing.com\/fr\/wp-json\/wp\/v2\/product"}],"about":[{"href":"https:\/\/www.agronetbrewing.com\/fr\/wp-json\/wp\/v2\/types\/product"}],"version-history":[{"count":0,"href":"https:\/\/www.agronetbrewing.com\/fr\/wp-json\/wp\/v2\/product\/8635\/revisions"}],"wp:featuredmedia":[{"embeddable":true,"href":"https:\/\/www.agronetbrewing.com\/fr\/wp-json\/wp\/v2\/media\/4799"}],"wp:attachment":[{"href":"https:\/\/www.agronetbrewing.com\/fr\/wp-json\/wp\/v2\/media?parent=8635"}],"wp:term":[{"taxonomy":"pwb-brand","embeddable":true,"href":"https:\/\/www.agronetbrewing.com\/fr\/wp-json\/wp\/v2\/pwb-brand?post=8635"},{"taxonomy":"product_brand","embeddable":true,"href":"https:\/\/www.agronetbrewing.com\/fr\/wp-json\/wp\/v2\/product_brand?post=8635"},{"taxonomy":"product_cat","embeddable":true,"href":"https:\/\/www.agronetbrewing.com\/fr\/wp-json\/wp\/v2\/product_cat?post=8635"},{"taxonomy":"product_tag","embeddable":true,"href":"https:\/\/www.agronetbrewing.com\/fr\/wp-json\/wp\/v2\/product_tag?post=8635"}],"curies":[{"name":"wp","href":"https:\/\/api.w.org\/{rel}","templated":true}]}}