{"id":8636,"date":"2019-05-15T10:38:04","date_gmt":"2019-09-03T10:42:16","guid":{"rendered":"https:\/\/cerveceroscaseros.com\/producto\/simpsons-malt-crystal-dark"},"modified":"2020-06-16T08:35:06","modified_gmt":"2020-06-16T08:35:06","slug":"malta-simpsons-crystal-dark","status":"publish","type":"product","link":"https:\/\/www.agronetbrewing.com\/fr\/productos\/malts\/simpsons-malt-fr\/malt-crystal\/malta-simpsons-crystal-dark\/","title":{"rendered":"SIMPSONS MALT Crystal Dark"},"content":{"rendered":"","protected":false},"excerpt":{"rendered":"<p>D\u00e9licieuses touches de <em>tofe<\/em>et de sucre br\u00fbl\u00e9, mais sans l&rsquo;astringence du malt grill\u00e9.<br \/>\nLe proc\u00e9d\u00e9 de r\u00f4tissage unique permet de produire une uniformit\u00e9 exceptionnelle dans chaque lot, garantissant ainsi la cristallisation parfaite de chaque grain de malt.<\/p>\n<p><span style=\"color: #000000;\"><a style=\"color: #000000;\" href=\"https:\/\/www.simpsonsmalt.co.uk\/our-malts\/crystal-dark\/\" target=\"_blank\" rel=\"noopener noreferrer\"><strong>&lt; Plus d&rsquo;informations<\/strong><\/a><\/span><\/p>\n","protected":false},"featured_media":4796,"template":"","meta":[],"pwb-brand":[],"product_brand":[],"product_cat":[202],"product_tag":[],"class_list":{"0":"post-8636","1":"product","2":"type-product","3":"status-publish","4":"has-post-thumbnail","6":"product_cat-malt-crystal","8":"first","9":"instock","10":"taxable","11":"shipping-taxable","12":"product-type-variable","13":"has-default-attributes","14":"customify-col","15":"product-has-gallery"},"brands":[],"_links":{"self":[{"href":"https:\/\/www.agronetbrewing.com\/fr\/wp-json\/wp\/v2\/product\/8636","targetHints":{"allow":["GET"]}}],"collection":[{"href":"https:\/\/www.agronetbrewing.com\/fr\/wp-json\/wp\/v2\/product"}],"about":[{"href":"https:\/\/www.agronetbrewing.com\/fr\/wp-json\/wp\/v2\/types\/product"}],"version-history":[{"count":0,"href":"https:\/\/www.agronetbrewing.com\/fr\/wp-json\/wp\/v2\/product\/8636\/revisions"}],"wp:featuredmedia":[{"embeddable":true,"href":"https:\/\/www.agronetbrewing.com\/fr\/wp-json\/wp\/v2\/media\/4796"}],"wp:attachment":[{"href":"https:\/\/www.agronetbrewing.com\/fr\/wp-json\/wp\/v2\/media?parent=8636"}],"wp:term":[{"taxonomy":"pwb-brand","embeddable":true,"href":"https:\/\/www.agronetbrewing.com\/fr\/wp-json\/wp\/v2\/pwb-brand?post=8636"},{"taxonomy":"product_brand","embeddable":true,"href":"https:\/\/www.agronetbrewing.com\/fr\/wp-json\/wp\/v2\/product_brand?post=8636"},{"taxonomy":"product_cat","embeddable":true,"href":"https:\/\/www.agronetbrewing.com\/fr\/wp-json\/wp\/v2\/product_cat?post=8636"},{"taxonomy":"product_tag","embeddable":true,"href":"https:\/\/www.agronetbrewing.com\/fr\/wp-json\/wp\/v2\/product_tag?post=8636"}],"curies":[{"name":"wp","href":"https:\/\/api.w.org\/{rel}","templated":true}]}}