{"id":8638,"date":"2019-05-15T10:30:23","date_gmt":"2019-09-03T10:45:42","guid":{"rendered":"https:\/\/cerveceroscaseros.com\/producto\/simpsons-malt-crystal-t50"},"modified":"2020-06-16T08:44:55","modified_gmt":"2020-06-16T08:44:55","slug":"malta-simpsons-crystal-t50","status":"publish","type":"product","link":"https:\/\/www.agronetbrewing.com\/fr\/productos\/malts\/simpsons-malt-fr\/malt-crystal\/malta-simpsons-crystal-t50\/","title":{"rendered":"SIMPSONS MALT Crystal T50"},"content":{"rendered":"","protected":false},"excerpt":{"rendered":"<p>Chaque lot vise 50 <em>Lovibond<\/em>(130EBC). Avec une consistance exceptionnellement rigide, c&rsquo;est un <em>crystal<\/em>fantastique qui grince dans la bouche. <strong>Crystal T50<\/strong> offre des couleurs incroyables et des saveurs d\u00e9licates de malt de bi\u00e8re. Id\u00e9al pour <em>IPA, Pale Ale y Bitters.<\/em><\/p>\n<p><a href=\"https:\/\/www.simpsonsmalt.co.uk\/our-malts\/crystal-t50\/\" target=\"_blank\" rel=\"noopener noreferrer\"><span style=\"color: #000000;\"><strong>&lt; Plus d&rsquo;informations<\/strong><\/span><\/a><\/p>\n","protected":false},"featured_media":4790,"template":"","meta":[],"pwb-brand":[],"product_brand":[],"product_cat":[202],"product_tag":[],"class_list":{"0":"post-8638","1":"product","2":"type-product","3":"status-publish","4":"has-post-thumbnail","6":"product_cat-malt-crystal","8":"first","9":"instock","10":"taxable","11":"shipping-taxable","12":"product-type-variable","13":"has-default-attributes","14":"customify-col","15":"product-has-gallery"},"brands":[],"_links":{"self":[{"href":"https:\/\/www.agronetbrewing.com\/fr\/wp-json\/wp\/v2\/product\/8638","targetHints":{"allow":["GET"]}}],"collection":[{"href":"https:\/\/www.agronetbrewing.com\/fr\/wp-json\/wp\/v2\/product"}],"about":[{"href":"https:\/\/www.agronetbrewing.com\/fr\/wp-json\/wp\/v2\/types\/product"}],"version-history":[{"count":0,"href":"https:\/\/www.agronetbrewing.com\/fr\/wp-json\/wp\/v2\/product\/8638\/revisions"}],"wp:featuredmedia":[{"embeddable":true,"href":"https:\/\/www.agronetbrewing.com\/fr\/wp-json\/wp\/v2\/media\/4790"}],"wp:attachment":[{"href":"https:\/\/www.agronetbrewing.com\/fr\/wp-json\/wp\/v2\/media?parent=8638"}],"wp:term":[{"taxonomy":"pwb-brand","embeddable":true,"href":"https:\/\/www.agronetbrewing.com\/fr\/wp-json\/wp\/v2\/pwb-brand?post=8638"},{"taxonomy":"product_brand","embeddable":true,"href":"https:\/\/www.agronetbrewing.com\/fr\/wp-json\/wp\/v2\/product_brand?post=8638"},{"taxonomy":"product_cat","embeddable":true,"href":"https:\/\/www.agronetbrewing.com\/fr\/wp-json\/wp\/v2\/product_cat?post=8638"},{"taxonomy":"product_tag","embeddable":true,"href":"https:\/\/www.agronetbrewing.com\/fr\/wp-json\/wp\/v2\/product_tag?post=8638"}],"curies":[{"name":"wp","href":"https:\/\/api.w.org\/{rel}","templated":true}]}}