{"id":8639,"date":"2019-05-15T10:26:13","date_gmt":"2019-09-03T10:49:28","guid":{"rendered":"https:\/\/cerveceroscaseros.com\/producto\/simpsons-malt-crystal-light"},"modified":"2020-06-16T08:39:52","modified_gmt":"2020-06-16T08:39:52","slug":"malta-simpsons-crystal-light","status":"publish","type":"product","link":"https:\/\/www.agronetbrewing.com\/fr\/productos\/malts\/simpsons-malt-fr\/malt-crystal\/malta-simpsons-crystal-light\/","title":{"rendered":"SIMPSONS MALT Crystal Light"},"content":{"rendered":"","protected":false},"excerpt":{"rendered":"<p>Il donne des saveurs douces de caramel et de tofe, tout en offrant une belle teinte dor\u00e9e. Sa douceur propre et douce procure une profondeur de saveur lorsqu&rsquo;un ajout de corps est n\u00e9cessaire, sans ajouter de caract\u00e8res r\u00f4tis ou r\u00f4tis. Pour <em>IPA\u2019s, Best Bitters, Brown Ales.<\/em><\/p>\n<p><a href=\"https:\/\/www.simpsonsmalt.co.uk\/our-malts\/crystal-light\/\" target=\"_blank\" rel=\"noopener noreferrer\"><span style=\"color: #000000;\"><strong>&lt; Plus d&rsquo;informations<\/strong><\/span><\/a><\/p>\n","protected":false},"featured_media":4787,"template":"","meta":[],"pwb-brand":[],"product_brand":[],"product_cat":[202],"product_tag":[],"class_list":{"0":"post-8639","1":"product","2":"type-product","3":"status-publish","4":"has-post-thumbnail","6":"product_cat-malt-crystal","8":"first","9":"instock","10":"taxable","11":"shipping-taxable","12":"product-type-variable","13":"has-default-attributes","14":"customify-col","15":"product-has-gallery"},"brands":[],"_links":{"self":[{"href":"https:\/\/www.agronetbrewing.com\/fr\/wp-json\/wp\/v2\/product\/8639","targetHints":{"allow":["GET"]}}],"collection":[{"href":"https:\/\/www.agronetbrewing.com\/fr\/wp-json\/wp\/v2\/product"}],"about":[{"href":"https:\/\/www.agronetbrewing.com\/fr\/wp-json\/wp\/v2\/types\/product"}],"version-history":[{"count":0,"href":"https:\/\/www.agronetbrewing.com\/fr\/wp-json\/wp\/v2\/product\/8639\/revisions"}],"wp:featuredmedia":[{"embeddable":true,"href":"https:\/\/www.agronetbrewing.com\/fr\/wp-json\/wp\/v2\/media\/4787"}],"wp:attachment":[{"href":"https:\/\/www.agronetbrewing.com\/fr\/wp-json\/wp\/v2\/media?parent=8639"}],"wp:term":[{"taxonomy":"pwb-brand","embeddable":true,"href":"https:\/\/www.agronetbrewing.com\/fr\/wp-json\/wp\/v2\/pwb-brand?post=8639"},{"taxonomy":"product_brand","embeddable":true,"href":"https:\/\/www.agronetbrewing.com\/fr\/wp-json\/wp\/v2\/product_brand?post=8639"},{"taxonomy":"product_cat","embeddable":true,"href":"https:\/\/www.agronetbrewing.com\/fr\/wp-json\/wp\/v2\/product_cat?post=8639"},{"taxonomy":"product_tag","embeddable":true,"href":"https:\/\/www.agronetbrewing.com\/fr\/wp-json\/wp\/v2\/product_tag?post=8639"}],"curies":[{"name":"wp","href":"https:\/\/api.w.org\/{rel}","templated":true}]}}