{"id":8641,"date":"2019-05-15T10:14:57","date_gmt":"2019-09-03T10:56:35","guid":{"rendered":"https:\/\/cerveceroscaseros.com\/producto\/simpsons-malt-caramalt"},"modified":"2020-06-16T08:32:52","modified_gmt":"2020-06-16T08:32:52","slug":"malta-simpsons-caramalt","status":"publish","type":"product","link":"https:\/\/www.agronetbrewing.com\/fr\/productos\/malts\/simpsons-malt-fr\/malt-crystal\/malta-simpsons-caramalt\/","title":{"rendered":"SIMPSONS MALT Caramalt"},"content":{"rendered":"","protected":false},"excerpt":{"rendered":"<p>Il contribue \u00e0 l\u2019am\u00e9lioration de la couleur dor\u00e9e et \u00e0 l\u2019enrichissement de la saveur avec ses notes douces de <em>caramel<\/em>au beurre dans <em>Lagers<\/em>et <em>Extra Pale Ales<\/em>. En raison de sa couleur basse, elle est incroyablement polyvalente et peut \u00eatre utilis\u00e9e pour am\u00e9liorer presque tous les styles de bi\u00e8re n\u00e9cessitant une certaine douceur.<\/p>\n<p><a href=\"https:\/\/www.simpsonsmalt.co.uk\/our-malts\/caramalt\/\" target=\"_blank\" rel=\"noopener noreferrer\"><strong><span style=\"color: #000000;\">&lt; Plus d&rsquo;informations<\/span><\/strong><\/a><\/p>\n","protected":false},"featured_media":4781,"template":"","meta":[],"pwb-brand":[],"product_brand":[],"product_cat":[202],"product_tag":[],"class_list":{"0":"post-8641","1":"product","2":"type-product","3":"status-publish","4":"has-post-thumbnail","6":"product_cat-malt-crystal","8":"first","9":"instock","10":"taxable","11":"shipping-taxable","12":"product-type-variable","13":"has-default-attributes","14":"customify-col","15":"product-has-gallery"},"brands":[],"_links":{"self":[{"href":"https:\/\/www.agronetbrewing.com\/fr\/wp-json\/wp\/v2\/product\/8641","targetHints":{"allow":["GET"]}}],"collection":[{"href":"https:\/\/www.agronetbrewing.com\/fr\/wp-json\/wp\/v2\/product"}],"about":[{"href":"https:\/\/www.agronetbrewing.com\/fr\/wp-json\/wp\/v2\/types\/product"}],"version-history":[{"count":0,"href":"https:\/\/www.agronetbrewing.com\/fr\/wp-json\/wp\/v2\/product\/8641\/revisions"}],"wp:featuredmedia":[{"embeddable":true,"href":"https:\/\/www.agronetbrewing.com\/fr\/wp-json\/wp\/v2\/media\/4781"}],"wp:attachment":[{"href":"https:\/\/www.agronetbrewing.com\/fr\/wp-json\/wp\/v2\/media?parent=8641"}],"wp:term":[{"taxonomy":"pwb-brand","embeddable":true,"href":"https:\/\/www.agronetbrewing.com\/fr\/wp-json\/wp\/v2\/pwb-brand?post=8641"},{"taxonomy":"product_brand","embeddable":true,"href":"https:\/\/www.agronetbrewing.com\/fr\/wp-json\/wp\/v2\/product_brand?post=8641"},{"taxonomy":"product_cat","embeddable":true,"href":"https:\/\/www.agronetbrewing.com\/fr\/wp-json\/wp\/v2\/product_cat?post=8641"},{"taxonomy":"product_tag","embeddable":true,"href":"https:\/\/www.agronetbrewing.com\/fr\/wp-json\/wp\/v2\/product_tag?post=8641"}],"curies":[{"name":"wp","href":"https:\/\/api.w.org\/{rel}","templated":true}]}}