{"id":8644,"date":"2019-05-15T10:06:55","date_gmt":"2019-09-03T11:24:17","guid":{"rendered":"https:\/\/cerveceroscaseros.com\/producto\/simpsons-malt-aromatic-malt"},"modified":"2020-06-16T08:54:33","modified_gmt":"2020-06-16T08:54:33","slug":"malta-simpsons-aromatic","status":"publish","type":"product","link":"https:\/\/www.agronetbrewing.com\/fr\/productos\/malts\/simpsons-malt-fr\/malt-torrefle-hautes-temperatures\/malta-simpsons-aromatic\/","title":{"rendered":"SIMPSONS MALT Aromatic Malt"},"content":{"rendered":"","protected":false},"excerpt":{"rendered":"<p>Son acidit\u00e9 est l\u00e9g\u00e8rement plus \u00e9lev\u00e9e pour \u00e9quilibrer le pH. Sa douceur complexe avec des notes acides lui conf\u00e8re une magnifique sensation en bouche. Tout cela, combin\u00e9 \u00e0 d&rsquo;intenses notes de malt et de raisins secs. Pour <em>Ales, Mild, Porter y Bock.<\/em><\/p>\n<p><a href=\"https:\/\/www.simpsonsmalt.co.uk\/our-malts\/aromatic-malt\/\" target=\"_blank\" rel=\"noopener noreferrer\"><span style=\"color: #000000;\"><strong>&lt; Plus d&rsquo;informations<\/strong><\/span><\/a><\/p>\n","protected":false},"featured_media":4775,"template":"","meta":[],"pwb-brand":[],"product_brand":[],"product_cat":[203],"product_tag":[],"class_list":{"0":"post-8644","1":"product","2":"type-product","3":"status-publish","4":"has-post-thumbnail","6":"product_cat-malt-torrefle-hautes-temperatures","8":"first","9":"instock","10":"taxable","11":"shipping-taxable","12":"product-type-variable","13":"has-default-attributes","14":"customify-col","15":"product-has-gallery"},"brands":[],"_links":{"self":[{"href":"https:\/\/www.agronetbrewing.com\/fr\/wp-json\/wp\/v2\/product\/8644","targetHints":{"allow":["GET"]}}],"collection":[{"href":"https:\/\/www.agronetbrewing.com\/fr\/wp-json\/wp\/v2\/product"}],"about":[{"href":"https:\/\/www.agronetbrewing.com\/fr\/wp-json\/wp\/v2\/types\/product"}],"version-history":[{"count":0,"href":"https:\/\/www.agronetbrewing.com\/fr\/wp-json\/wp\/v2\/product\/8644\/revisions"}],"wp:featuredmedia":[{"embeddable":true,"href":"https:\/\/www.agronetbrewing.com\/fr\/wp-json\/wp\/v2\/media\/4775"}],"wp:attachment":[{"href":"https:\/\/www.agronetbrewing.com\/fr\/wp-json\/wp\/v2\/media?parent=8644"}],"wp:term":[{"taxonomy":"pwb-brand","embeddable":true,"href":"https:\/\/www.agronetbrewing.com\/fr\/wp-json\/wp\/v2\/pwb-brand?post=8644"},{"taxonomy":"product_brand","embeddable":true,"href":"https:\/\/www.agronetbrewing.com\/fr\/wp-json\/wp\/v2\/product_brand?post=8644"},{"taxonomy":"product_cat","embeddable":true,"href":"https:\/\/www.agronetbrewing.com\/fr\/wp-json\/wp\/v2\/product_cat?post=8644"},{"taxonomy":"product_tag","embeddable":true,"href":"https:\/\/www.agronetbrewing.com\/fr\/wp-json\/wp\/v2\/product_tag?post=8644"}],"curies":[{"name":"wp","href":"https:\/\/api.w.org\/{rel}","templated":true}]}}