{"id":8653,"date":"2019-05-15T08:41:22","date_gmt":"2019-09-03T11:41:28","guid":{"rendered":"https:\/\/cerveceroscaseros.com\/producto\/simpsons-malt-extra-pale-ale-malt"},"modified":"2020-06-16T07:56:28","modified_gmt":"2020-06-16T07:56:28","slug":"malta-simpsons-extra-pale-ale-malt","status":"publish","type":"product","link":"https:\/\/www.agronetbrewing.com\/fr\/productos\/malts\/simpsons-malt-fr\/malt-de-base\/malta-simpsons-extra-pale-ale-malt\/","title":{"rendered":"SIMPSONS MALT Extra Pale Ale Malt"},"content":{"rendered":"","protected":false},"excerpt":{"rendered":"<p>Un malt bicolore, faiblement modifi\u00e9 et bien modifi\u00e9, qui garantit l&rsquo;uniformit\u00e9 et la consistance, ainsi qu&rsquo;un bon extrait et une bonne activit\u00e9 enzymatique. Pour les <em>bi\u00e8res<\/em>blondes claires, les bi\u00e8res de couleur claire et tout type de bi\u00e8re.<\/p>\n<p><a href=\"https:\/\/www.simpsonsmalt.co.uk\/our-malts\/extra-pale-ale-malt\/\" target=\"_blank\" rel=\"noopener noreferrer\"><strong>&lt; Plus d&rsquo;informations<\/strong><\/a><\/p>\n","protected":false},"featured_media":4730,"template":"","meta":[],"pwb-brand":[],"product_brand":[],"product_cat":[205],"product_tag":[],"class_list":{"0":"post-8653","1":"product","2":"type-product","3":"status-publish","4":"has-post-thumbnail","6":"product_cat-malt-de-base","8":"first","9":"instock","10":"taxable","11":"shipping-taxable","12":"product-type-variable","13":"has-default-attributes","14":"customify-col","15":"product-has-gallery"},"brands":[],"_links":{"self":[{"href":"https:\/\/www.agronetbrewing.com\/fr\/wp-json\/wp\/v2\/product\/8653","targetHints":{"allow":["GET"]}}],"collection":[{"href":"https:\/\/www.agronetbrewing.com\/fr\/wp-json\/wp\/v2\/product"}],"about":[{"href":"https:\/\/www.agronetbrewing.com\/fr\/wp-json\/wp\/v2\/types\/product"}],"version-history":[{"count":0,"href":"https:\/\/www.agronetbrewing.com\/fr\/wp-json\/wp\/v2\/product\/8653\/revisions"}],"wp:featuredmedia":[{"embeddable":true,"href":"https:\/\/www.agronetbrewing.com\/fr\/wp-json\/wp\/v2\/media\/4730"}],"wp:attachment":[{"href":"https:\/\/www.agronetbrewing.com\/fr\/wp-json\/wp\/v2\/media?parent=8653"}],"wp:term":[{"taxonomy":"pwb-brand","embeddable":true,"href":"https:\/\/www.agronetbrewing.com\/fr\/wp-json\/wp\/v2\/pwb-brand?post=8653"},{"taxonomy":"product_brand","embeddable":true,"href":"https:\/\/www.agronetbrewing.com\/fr\/wp-json\/wp\/v2\/product_brand?post=8653"},{"taxonomy":"product_cat","embeddable":true,"href":"https:\/\/www.agronetbrewing.com\/fr\/wp-json\/wp\/v2\/product_cat?post=8653"},{"taxonomy":"product_tag","embeddable":true,"href":"https:\/\/www.agronetbrewing.com\/fr\/wp-json\/wp\/v2\/product_tag?post=8653"}],"curies":[{"name":"wp","href":"https:\/\/api.w.org\/{rel}","templated":true}]}}