{"id":8656,"date":"2019-05-15T08:02:00","date_gmt":"2019-09-03T11:45:30","guid":{"rendered":"https:\/\/cerveceroscaseros.com\/producto\/simpsons-malt-finest-pale-ale-maris-otter"},"modified":"2020-06-16T08:08:03","modified_gmt":"2020-06-16T08:08:03","slug":"malta-simpsons-finest-pale-ale-maris-otter","status":"publish","type":"product","link":"https:\/\/www.agronetbrewing.com\/fr\/productos\/malts\/simpsons-malt-fr\/malt-de-base\/malta-simpsons-finest-pale-ale-maris-otter\/","title":{"rendered":"SIMPSONS MALT Finest Pale Ale Maris Otter"},"content":{"rendered":"","protected":false},"excerpt":{"rendered":"<p>Cette vari\u00e9t\u00e9 l\u00e9gendaire d&rsquo;orge traditionnelle est le malt de base des bi\u00e8res anglaises traditionnelles <em>Bitter<\/em>. <strong>Maris Otter<\/strong> il a une faible teneur en azote et un extrait \u00e9lev\u00e9, produisant une riche saveur de malt avec des performances et une clart\u00e9 exceptionnelles. Pour<em>Cask Ales<\/em>, Bi\u00e8res \u00e0 l&rsquo;anglaise et toutes les bi\u00e8res Premium.<\/p>\n<p><span style=\"color: #000000;\"><a style=\"color: #000000;\" href=\"https:\/\/www.simpsonsmalt.co.uk\/our-malts\/finest-pale-ale-maris-otter\/\" target=\"_blank\" rel=\"noopener noreferrer\"><strong>&lt; Plus d&rsquo;informations<\/strong><\/a><\/span><\/p>\n","protected":false},"featured_media":4718,"template":"","meta":[],"pwb-brand":[],"product_brand":[],"product_cat":[205],"product_tag":[],"class_list":{"0":"post-8656","1":"product","2":"type-product","3":"status-publish","4":"has-post-thumbnail","6":"product_cat-malt-de-base","8":"first","9":"instock","10":"taxable","11":"shipping-taxable","12":"product-type-variable","13":"customify-col","14":"product-has-gallery"},"brands":[],"_links":{"self":[{"href":"https:\/\/www.agronetbrewing.com\/fr\/wp-json\/wp\/v2\/product\/8656","targetHints":{"allow":["GET"]}}],"collection":[{"href":"https:\/\/www.agronetbrewing.com\/fr\/wp-json\/wp\/v2\/product"}],"about":[{"href":"https:\/\/www.agronetbrewing.com\/fr\/wp-json\/wp\/v2\/types\/product"}],"version-history":[{"count":0,"href":"https:\/\/www.agronetbrewing.com\/fr\/wp-json\/wp\/v2\/product\/8656\/revisions"}],"wp:featuredmedia":[{"embeddable":true,"href":"https:\/\/www.agronetbrewing.com\/fr\/wp-json\/wp\/v2\/media\/4718"}],"wp:attachment":[{"href":"https:\/\/www.agronetbrewing.com\/fr\/wp-json\/wp\/v2\/media?parent=8656"}],"wp:term":[{"taxonomy":"pwb-brand","embeddable":true,"href":"https:\/\/www.agronetbrewing.com\/fr\/wp-json\/wp\/v2\/pwb-brand?post=8656"},{"taxonomy":"product_brand","embeddable":true,"href":"https:\/\/www.agronetbrewing.com\/fr\/wp-json\/wp\/v2\/product_brand?post=8656"},{"taxonomy":"product_cat","embeddable":true,"href":"https:\/\/www.agronetbrewing.com\/fr\/wp-json\/wp\/v2\/product_cat?post=8656"},{"taxonomy":"product_tag","embeddable":true,"href":"https:\/\/www.agronetbrewing.com\/fr\/wp-json\/wp\/v2\/product_tag?post=8656"}],"curies":[{"name":"wp","href":"https:\/\/api.w.org\/{rel}","templated":true}]}}